{"id":17,"date":"2024-11-28T11:45:20","date_gmt":"2024-11-28T10:45:20","guid":{"rendered":"https:\/\/ibgestion.fr\/?page_id=17"},"modified":"2025-05-20T20:07:09","modified_gmt":"2025-05-20T18:07:09","slug":"accueil-2","status":"publish","type":"page","link":"https:\/\/ibgestion.fr\/","title":{"rendered":"Accueil"},"content":{"rendered":"\n<div class=\"wp-block-group alignfull\" style=\"padding-top:var(--wp--preset--spacing--50);padding-right:var(--wp--preset--spacing--50);padding-bottom:var(--wp--preset--spacing--50);padding-left:var(--wp--preset--spacing--50)\"><div class=\"wp-block-group__inner-container is-layout-constrained wp-container-core-group-is-layout-f4d13f5d wp-block-group-is-layout-constrained\">\n<div class=\"wp-block-group\"><div class=\"wp-block-group__inner-container is-layout-constrained wp-container-core-group-is-layout-04692c70 wp-block-group-is-layout-constrained\">\n<h1 class=\"wp-block-heading has-text-align-center has-x-large-font-size\">Votre Partenaire Administratif<\/h1>\n\n\n\n<div style=\"height:1.25rem\" aria-hidden=\"true\" class=\"wp-block-spacer\"><\/div>\n\n\n\n<p class=\"has-text-align-center has-medium-font-size\">Simplifiez votre gestion administrative et concentrez vous sur l\u2019essentiel.<\/p>\n\n\n\n<div style=\"height:1.25rem\" aria-hidden=\"true\" class=\"wp-block-spacer\"><\/div>\n<\/div><\/div>\n\n\n\n<div style=\"height:var(--wp--preset--spacing--30)\" aria-hidden=\"true\" class=\"wp-block-spacer\"><\/div>\n\n\n\n<figure class=\"wp-block-image alignwide size-full is-style-default\"><img alt=\"\" decoding=\"async\" src=\"https:\/\/ibfgfr.wordpress.com\/wp-content\/uploads\/2024\/11\/building-839362_1280.jpg\" alt=\"\" class=\"wp-image-5\"\/><\/figure>\n<\/div><\/div>\n\n\n\n<div class=\"wp-block-group alignfull has-base-2-background-color has-background\" style=\"margin-top:0;margin-bottom:0;padding-top:var(--wp--preset--spacing--50);padding-right:var(--wp--preset--spacing--50);padding-bottom:var(--wp--preset--spacing--50);padding-left:var(--wp--preset--spacing--50)\"><div class=\"wp-block-group__inner-container is-layout-constrained wp-container-core-group-is-layout-2bafd31c wp-block-group-is-layout-constrained\">\n<div class=\"wp-block-group is-vertical is-content-justification-center is-layout-flex wp-container-core-group-is-layout-7681721f wp-block-group-is-layout-flex\">\n<h2 class=\"wp-block-heading has-text-align-center is-style-asterisk has-large-font-size\">Notre mission<\/h2>\n\n\n\n<div style=\"height:0px\" aria-hidden=\"true\" class=\"wp-block-spacer wp-container-content-4f2ccadb\"><\/div>\n\n\n\n<p class=\"has-text-align-center has-medium-font-size\">Offrir un accompagnement professionnel ou personnel, personnalis\u00e9 et fiable dans tous vos besoins administratifs, qu\u2019il s\u2019agisse de la gestion des t\u00e2ches courantes ou de la mise en place de solutions adapt\u00e9es \u00e0 vos d\u00e9fis sp\u00e9cifiques.<\/p>\n<\/div>\n\n\n\n<div style=\"margin-top:0;margin-bottom:0;height:var(--wp--preset--spacing--40)\" aria-hidden=\"true\" class=\"wp-block-spacer\"><\/div>\n\n\n\n<div class=\"wp-block-columns alignwide is-layout-flex wp-container-core-columns-is-layout-2aabe216 wp-block-columns-is-layout-flex\">\n<div class=\"wp-block-column is-layout-flow wp-block-column-is-layout-flow\">\n<h3 class=\"wp-block-heading has-text-align-left is-style-asterisk has-body-font-family has-medium-font-size\" style=\"font-style:normal;font-weight:600\">Gestion administrative<\/h3>\n\n\n\n<p class=\"has-text-align-left\">Nos solutions en gestion administrative peuvent \u00eatre la prise en charge de vos correspondances, le suivi et l\u2019organisation de vos documents, ainsi que la pr\u00e9paration de devis, factures et d\u00e9marches aupr\u00e8s des administrations. Nous optimisons vos processus pour vous faire gagner du temps et assurer une gestion fluide et efficace de vos activit\u00e9s.<\/p>\n<\/div>\n\n\n\n<div class=\"wp-block-column is-layout-flow wp-block-column-is-layout-flow\">\n<h3 class=\"wp-block-heading has-text-align-left is-style-asterisk has-body-font-family has-medium-font-size\" style=\"font-style:normal;font-weight:600\">Gestion fiscale<\/h3>\n\n\n\n<p class=\"has-text-align-left\">Nos missions en gestion fiscale consistent \u00e0 accompagner nos clients dans la pr\u00e9paration et le suivi de leurs d\u00e9clarations fiscales, tout en veillant \u00e0 la conformit\u00e9 avec la l\u00e9gislation en vigueur. Nous offrons \u00e9galement un suivi personnalis\u00e9 pour optimiser votre fiscalit\u00e9 et anticiper vos obligations financi\u00e8res.<\/p>\n<\/div>\n\n\n\n<div class=\"wp-block-column is-layout-flow wp-block-column-is-layout-flow\">\n<h3 class=\"wp-block-heading has-text-align-left is-style-asterisk has-body-font-family has-medium-font-size\" style=\"font-style:normal;font-weight:600\">Support comptabilit\u00e9<\/h3>\n\n\n\n<p class=\"has-text-align-left\">Notre accompagnement en support comptable consistent \u00e0 vous rassurer dans la saisie des \u00e9critures, le suivi des factures et la gestion des relev\u00e9s bancaires, tout en pr\u00e9parant les documents n\u00e9cessaires aux d\u00e9clarations et bilans. Nous agissons en compl\u00e9ment d\u2019un expert-comptable, sans jamais d\u00e9roger \u00e0 ses comp\u00e9tences r\u00e9glement\u00e9es.<\/p>\n<\/div>\n<\/div>\n\n\n\n<div style=\"height:var(--wp--preset--spacing--20)\" aria-hidden=\"true\" class=\"wp-block-spacer\"><\/div>\n\n\n\n<div class=\"wp-block-columns alignwide is-layout-flex wp-container-core-columns-is-layout-2aabe216 wp-block-columns-is-layout-flex\">\n<div class=\"wp-block-column is-layout-flow wp-block-column-is-layout-flow\">\n<h3 class=\"wp-block-heading has-text-align-left is-style-asterisk has-body-font-family has-medium-font-size\" style=\"font-style:normal;font-weight:600\">Consulting<\/h3>\n\n\n\n<p class=\"has-text-align-left\">Nos interventions en consulting visent \u00e0 analyser et optimiser vos processus administratifs, financiers ou organisationnels pour am\u00e9liorer l\u2019efficacit\u00e9 de votre activit\u00e9. Nous proposons des solutions personnalis\u00e9es adapt\u00e9es \u00e0 vos besoins pour vous accompagner dans la prise de d\u00e9cisions strat\u00e9giques et op\u00e9rationnelles.<\/p>\n<\/div>\n\n\n\n<div class=\"wp-block-column is-layout-flow wp-block-column-is-layout-flow\">\n<h3 class=\"wp-block-heading has-text-align-left is-style-asterisk has-body-font-family has-medium-font-size\" style=\"font-style:normal;font-weight:600\">Project Management<\/h3>\n\n\n\n<p class=\"has-text-align-left\">Les service que nous proposons en project management consistent \u00e0 planifier, coordonner et suivre vos projets pour garantir leur r\u00e9ussite dans les d\u00e9lais impartis. Nous vous accompagnons dans l\u2019organisation, l&rsquo;analyse et la mise en \u0153uvre d&rsquo;outils n\u00e9cessaires \u00e0 l\u2019atteinte de vos objectifs.<\/p>\n<\/div>\n\n\n\n<div class=\"wp-block-column is-layout-flow wp-block-column-is-layout-flow\">\n<h3 class=\"wp-block-heading has-text-align-left is-style-asterisk has-body-font-family has-medium-font-size\" style=\"font-style:normal;font-weight:600\">Accompagnement<\/h3>\n\n\n\n<p class=\"has-text-align-left\">Notre champ d&rsquo;action dans l&rsquo;accompagnement consistent \u00e0 vous guider dans vos d\u00e9marches administratives, organisationnelles ou strat\u00e9giques, en apportant un soutien personnalis\u00e9 et adapt\u00e9 \u00e0 vos besoins. Nous sommes \u00e0 vos c\u00f4t\u00e9s pour simplifier vos processus, r\u00e9soudre vos d\u00e9fis et atteindre vos objectifs efficacement.<\/p>\n<\/div>\n<\/div>\n<\/div><\/div>\n\n\n\n<div class=\"wp-block-group alignfull\" style=\"margin-top:0;margin-bottom:0;padding-top:var(--wp--preset--spacing--50);padding-right:var(--wp--preset--spacing--50);padding-bottom:var(--wp--preset--spacing--50);padding-left:var(--wp--preset--spacing--50)\"><div class=\"wp-block-group__inner-container is-layout-constrained wp-container-core-group-is-layout-9cf8f26d wp-block-group-is-layout-constrained\">\n<div class=\"wp-block-group alignwide\"><div class=\"wp-block-group__inner-container is-layout-constrained wp-block-group-is-layout-constrained\">\n<div class=\"wp-block-group is-vertical is-content-justification-center is-layout-flex wp-container-core-group-is-layout-a170cc76 wp-block-group-is-layout-flex\">\n<h2 class=\"wp-block-heading has-text-align-center is-style-asterisk has-medium-font-size\">Nos Comp\u00e9tences au Service de Votre S\u00e9r\u00e9nit\u00e9<\/h2>\n\n\n\n<p class=\"has-text-align-center\">Chez <strong>IB GESTION<\/strong>, notre mission est de rendre votre quotidien plus simple en prenant en charge vos enjeux administratifs et organisationnels.<\/p>\n\n\n\n<p class=\"has-text-align-center\">Nous mettons notre expertise \u00e0 votre service pour all\u00e9ger vos t\u00e2ches.<\/p>\n\n\n\n<p class=\"has-text-align-center\">Afin de vous permettre de vous concentrer pleinement sur l\u2019essentiel :<\/p>\n\n\n\n<p class=\"has-text-align-center\">la r\u00e9ussite de vos projets.<\/p>\n<\/div>\n\n\n\n<div style=\"height:var(--wp--preset--spacing--40)\" aria-hidden=\"true\" class=\"wp-block-spacer\"><\/div>\n\n\n\n<div class=\"wp-block-columns alignwide is-layout-flex wp-container-core-columns-is-layout-b1b80ead wp-block-columns-is-layout-flex\">\n<div class=\"wp-block-column is-vertically-aligned-center is-layout-flow wp-block-column-is-layout-flow\" style=\"flex-basis:40%\">\n<h3 class=\"wp-block-heading is-style-asterisk\">Une Gestion Simplifi\u00e9e, Un Acc\u00e8s Facile \u00e0 Vos Documents<\/h3>\n\n\n\n<ul style=\"line-height:1.75\" class=\"wp-block-list is-style-checkmark-list\">\n<li><strong>Disponibilit\u00e9<\/strong> : votre consultant disponible pour vous accompagner.<\/li>\n\n\n\n<li><strong>Acc\u00e8s s\u00e9curis\u00e9 au cloud<\/strong> : Consultez et g\u00e9rez vos fichiers en toute s\u00e9curit\u00e9, avec un acc\u00e8s facile et rapide \u00e0 vos informations.<\/li>\n\n\n\n<li><strong>Simplicit\u00e9 et efficacit\u00e9<\/strong> : Gagnez du temps en centralisant vos documents et en r\u00e9duisant les d\u00e9marches administratives compliqu\u00e9es. Parfait pour anticiper la Facture X.<\/li>\n<\/ul>\n<\/div>\n\n\n\n<div class=\"wp-block-column is-layout-flow wp-block-column-is-layout-flow\" style=\"flex-basis:50%\">\n<figure class=\"wp-block-image size-large is-style-default\"><img alt=\"\" decoding=\"async\" src=\"https:\/\/ibfgfr.wordpress.com\/wp-content\/uploads\/2024\/11\/computer-820281_1280.jpg?w=1024\" alt=\"\" class=\"wp-image-6\"\/><\/figure>\n<\/div>\n<\/div>\n\n\n\n<div style=\"height:16px\" aria-hidden=\"true\" class=\"wp-block-spacer\"><\/div>\n\n\n\n<div class=\"wp-block-columns alignwide is-layout-flex wp-container-core-columns-is-layout-b1b80ead wp-block-columns-is-layout-flex\">\n<div class=\"wp-block-column is-vertically-aligned-center is-layout-flow wp-block-column-is-layout-flow\" style=\"flex-basis:40%\">\n<h3 class=\"wp-block-heading is-style-asterisk\">Newsletter et Support : Disponibilit\u00e9, Conseils et Actualit\u00e9s<\/h3>\n\n\n\n<ul style=\"line-height:1.75\" class=\"wp-block-list is-style-checkmark-list\">\n<li><strong>Actualit\u00e9s <\/strong>: Restez \u00e0 jour avec les derni\u00e8res nouveaut\u00e9s dans le domaine administratif, comptable et fiscal.<\/li>\n\n\n\n<li><strong>Conseils pratiques<\/strong> : B\u00e9n\u00e9ficiez d\u2019astuces pour optimiser vos processus et faciliter votre quotidien.<\/li>\n\n\n\n<li><strong>Support accessible<\/strong> : Notre \u00e9quipe reste disponible pour r\u00e9pondre \u00e0 vos questions et vous offrir des solutions sur mesure.<\/li>\n<\/ul>\n<\/div>\n<\/div>\n<\/div><\/div>\n<\/div><\/div>\n\n\n\n<div class=\"wp-block-group alignfull has-base-color has-black-background-color has-text-color has-background\" style=\"margin-top:0;margin-bottom:0;padding-top:var(--wp--preset--spacing--60);padding-right:var(--wp--preset--spacing--60);padding-bottom:var(--wp--preset--spacing--60);padding-left:var(--wp--preset--spacing--60)\"><div class=\"wp-block-group__inner-container is-layout-constrained wp-container-core-group-is-layout-6b0914bc wp-block-group-is-layout-constrained\">\n<div class=\"wp-block-group\"><div class=\"wp-block-group__inner-container is-layout-constrained wp-block-group-is-layout-constrained\">\n<p class=\"has-text-align-center has-white-color has-text-color has-heading-font-family has-large-font-size\" style=\"line-height:1.2\"><em>\u201cLe temps est un bien pr\u00e9cieux, simplifiez le pour mieux l&rsquo;appr\u00e9cier.\u201d<\/em><\/p>\n\n\n\n<div style=\"height:var(--wp--preset--spacing--10)\" aria-hidden=\"true\" class=\"wp-block-spacer\"><\/div>\n\n\n\n<div class=\"wp-block-group is-vertical is-content-justification-center is-nowrap is-layout-flex wp-container-core-group-is-layout-a9ff9874 wp-block-group-is-layout-flex\">\n<p class=\"has-text-align-center has-white-color has-text-color has-link-color has-medium-font-size wp-elements-798963ede3fc4b59e8da4a79df2fd428\" style=\"margin-top:var(--wp--preset--spacing--10);margin-bottom:0\">Benjamin Itoule<\/p>\n\n\n\n<p class=\"has-text-align-center has-white-color has-text-color has-link-color has-medium-font-size wp-elements-0cbaa8d67e72715e77bc1928f81764a2\" style=\"margin-top:var(--wp--preset--spacing--10);margin-bottom:0\">Pr\u00e9sident de la SAS IB GESTION<\/p>\n<\/div>\n<\/div><\/div>\n<\/div><\/div>\n\n\n\n<p><\/p>\n","protected":false},"excerpt":{"rendered":"<p>Votre Partenaire Administratif Simplifiez votre gestion administrative et concentrez vous sur l\u2019essentiel. Notre mission Offrir un accompagnement professionnel ou personnel, personnalis\u00e9 et fiable dans tous vos besoins administratifs, qu\u2019il s\u2019agisse de la gestion des t\u00e2ches courantes ou de la mise en place de solutions adapt\u00e9es \u00e0 vos d\u00e9fis sp\u00e9cifiques. Gestion administrative Nos solutions en gestion [&hellip;]<\/p>\n","protected":false},"author":2,"featured_media":0,"parent":0,"menu_order":0,"comment_status":"closed","ping_status":"closed","template":"","meta":{"_seopress_robots_primary_cat":"","_seopress_titles_title":"","_seopress_titles_desc":"","_seopress_robots_index":"","ocean_post_layout":"","ocean_both_sidebars_style":"","ocean_both_sidebars_content_width":0,"ocean_both_sidebars_sidebars_width":0,"ocean_sidebar":"","ocean_second_sidebar":"","ocean_disable_margins":"enable","ocean_add_body_class":"","ocean_shortcode_before_top_bar":"","ocean_shortcode_after_top_bar":"","ocean_shortcode_before_header":"","ocean_shortcode_after_header":"","ocean_has_shortcode":"","ocean_shortcode_after_title":"","ocean_shortcode_before_footer_widgets":"","ocean_shortcode_after_footer_widgets":"","ocean_shortcode_before_footer_bottom":"","ocean_shortcode_after_footer_bottom":"","ocean_display_top_bar":"default","ocean_display_header":"default","ocean_header_style":"","ocean_center_header_left_menu":"","ocean_custom_header_template":"","ocean_custom_logo":0,"ocean_custom_retina_logo":0,"ocean_custom_logo_max_width":0,"ocean_custom_logo_tablet_max_width":0,"ocean_custom_logo_mobile_max_width":0,"ocean_custom_logo_max_height":0,"ocean_custom_logo_tablet_max_height":0,"ocean_custom_logo_mobile_max_height":0,"ocean_header_custom_menu":"","ocean_menu_typo_font_family":"","ocean_menu_typo_font_subset":"","ocean_menu_typo_font_size":0,"ocean_menu_typo_font_size_tablet":0,"ocean_menu_typo_font_size_mobile":0,"ocean_menu_typo_font_size_unit":"px","ocean_menu_typo_font_weight":"","ocean_menu_typo_font_weight_tablet":"","ocean_menu_typo_font_weight_mobile":"","ocean_menu_typo_transform":"","ocean_menu_typo_transform_tablet":"","ocean_menu_typo_transform_mobile":"","ocean_menu_typo_line_height":0,"ocean_menu_typo_line_height_tablet":0,"ocean_menu_typo_line_height_mobile":0,"ocean_menu_typo_line_height_unit":"","ocean_menu_typo_spacing":0,"ocean_menu_typo_spacing_tablet":0,"ocean_menu_typo_spacing_mobile":0,"ocean_menu_typo_spacing_unit":"","ocean_menu_link_color":"","ocean_menu_link_color_hover":"","ocean_menu_link_color_active":"","ocean_menu_link_background":"","ocean_menu_link_hover_background":"","ocean_menu_link_active_background":"","ocean_menu_social_links_bg":"","ocean_menu_social_hover_links_bg":"","ocean_menu_social_links_color":"","ocean_menu_social_hover_links_color":"","ocean_disable_title":"default","ocean_disable_heading":"default","ocean_post_title":"","ocean_post_subheading":"","ocean_post_title_style":"","ocean_post_title_background_color":"","ocean_post_title_background":0,"ocean_post_title_bg_image_position":"","ocean_post_title_bg_image_attachment":"","ocean_post_title_bg_image_repeat":"","ocean_post_title_bg_image_size":"","ocean_post_title_height":0,"ocean_post_title_bg_overlay":0.5,"ocean_post_title_bg_overlay_color":"","ocean_disable_breadcrumbs":"default","ocean_breadcrumbs_color":"","ocean_breadcrumbs_separator_color":"","ocean_breadcrumbs_links_color":"","ocean_breadcrumbs_links_hover_color":"","ocean_display_footer_widgets":"default","ocean_display_footer_bottom":"default","ocean_custom_footer_template":"","footnotes":""},"class_list":["post-17","page","type-page","status-publish","hentry","entry"],"_links":{"self":[{"href":"https:\/\/ibgestion.fr\/index.php\/wp-json\/wp\/v2\/pages\/17","targetHints":{"allow":["GET"]}}],"collection":[{"href":"https:\/\/ibgestion.fr\/index.php\/wp-json\/wp\/v2\/pages"}],"about":[{"href":"https:\/\/ibgestion.fr\/index.php\/wp-json\/wp\/v2\/types\/page"}],"author":[{"embeddable":true,"href":"https:\/\/ibgestion.fr\/index.php\/wp-json\/wp\/v2\/users\/2"}],"replies":[{"embeddable":true,"href":"https:\/\/ibgestion.fr\/index.php\/wp-json\/wp\/v2\/comments?post=17"}],"version-history":[{"count":8,"href":"https:\/\/ibgestion.fr\/index.php\/wp-json\/wp\/v2\/pages\/17\/revisions"}],"predecessor-version":[{"id":161,"href":"https:\/\/ibgestion.fr\/index.php\/wp-json\/wp\/v2\/pages\/17\/revisions\/161"}],"wp:attachment":[{"href":"https:\/\/ibgestion.fr\/index.php\/wp-json\/wp\/v2\/media?parent=17"}],"curies":[{"name":"wp","href":"https:\/\/api.w.org\/{rel}","templated":true}]}}